{"id":1524,"date":"2024-05-14T12:16:56","date_gmt":"2024-05-14T10:16:56","guid":{"rendered":"https:\/\/resonanco.com\/?page_id=1524"},"modified":"2024-05-14T12:16:57","modified_gmt":"2024-05-14T10:16:57","slug":"mentions-legales","status":"publish","type":"page","link":"https:\/\/resonanco.com\/index.php\/mentions-legales\/","title":{"rendered":"Mentions L\u00e9gales"},"content":{"rendered":"\n<p id=\"block-76ffcf30-1706-412e-8d80-9ef5cb406257\"><strong>Editeur du site<\/strong><\/p>\n\n\n\n<p id=\"block-e918a0cb-061b-4f4b-8ed0-4e047ebbbeee\"><strong>Convergence Investissement<\/strong><br>R.C.S. Lille&nbsp;429 984 008<br>N\u00b0 TVA intracommunautaire&nbsp;: FR58 429 984 008<br>N\u00b0 de t\u00e9l\u00e9phone&nbsp;: z\u00e9ro6 45 42 79 25<\/p>\n\n\n\n<p id=\"block-ec101a01-2cb9-4f89-85ac-a6e121075abf\"><strong>Si\u00e8ge social&nbsp;:<br><\/strong>61, Rue du G\u00e9n\u00e9ral de Gaulle<br>59242 CAPPELLE EN PEVELE<\/p>\n\n\n\n<p id=\"block-1f7bf803-c73b-41b5-9f0c-7580f8989632\"><strong>Directeur de publication:<br><\/strong>Philippe Michel<br>contact[at]convergence-numerique.com<\/p>\n\n\n\n<p id=\"block-6e042939-0d5d-4d16-a26c-f280daf05c3f\"><strong>H\u00e9bergeur<br><\/strong>OVH<br>SAS au capital de 10 069 020 \u20ac<br>RCS Lille M\u00e9tropole 424 761 419 00045<br>Code APE 2620Z<br>N\u00b0 TVA : FR 22 424 761 419<br>Si\u00e8ge social : 2 rue Kellermann \u2013 59100 Roubaix \u2013 France<br><br><strong>Propri\u00e9t\u00e9 intellectuelle<br><\/strong>\u00a9 Convergence Investissement SARL<br>\u00a9 duncanandison | Fotolia<br>A l\u2019exception du contenu appartenant \u00e0 des tiers, l\u2019ensemble du contenu de&nbsp;<a href=\"http:\/\/www.convergence-numerique.com\/\">www.convergence-numerique.com<\/a>&nbsp;(architecture, textes, photographies, illustrations\u2026) est prot\u00e9g\u00e9 par le droit d\u2019auteur et est la propri\u00e9t\u00e9 exclusive de Convergence Investissement SARL. Les marques et logos figurant sur le site sont \u00e9galement prot\u00e9g\u00e9s par le droit de la propri\u00e9t\u00e9 intellectuelle.<br>Toute reproduction ou repr\u00e9sentation sans l\u2019autorisation pr\u00e9alable de Convergence Investissement SARL de tout \u00e9l\u00e9ment prot\u00e9g\u00e9 par un droit de propri\u00e9t\u00e9 intellectuelle accessible sur le site&nbsp;<a href=\"http:\/\/www.convergence-numerique.com\/\">www.convergence-numerique.com<\/a>&nbsp;&nbsp; est interdite et constituerait une contrefa\u00e7on.<\/p>\n\n\n\n<p id=\"block-7ff97d1a-aea0-44c1-be06-ad68646bd9b5\"><strong>Donn\u00e9es personnelles<\/strong><br>L\u2019utilisateur est inform\u00e9&nbsp;que lors de ses visites sur le site, un cookie peut s\u2019installer automatiquement sur son logiciel de navigation, pour une dur\u00e9e maximum de 13 mois.<br>Un cookie est un \u00e9l\u00e9ment qui ne permet pas d\u2019identifier l\u2019utilisateur mais sert \u00e0 enregistrer des informations relatives \u00e0 la navigation de celui-ci sur le site Internet. Le consentement de l\u2019utilisateur \u00e0 l\u2019installation de cookies est recueilli lors de sa premi\u00e8re visite sur le site.<br>L\u2019utilisateur peut retirer, \u00e0 tout moment, son consentement quant \u00e0 l\u2019installation de cookies sur son logiciel de navigation.<br>Quand vous laissez un commentaire sur notre site Web, les donn\u00e9es inscrites dans votre formulaire de commentaire, mais aussi votre adresse IP et l\u2019agent utilisateur de votre navigateur sont collect\u00e9s pour nous aider \u00e0 la d\u00e9tection des commentaires ind\u00e9sirables.<br>Les demandes d\u2019informations sont trait\u00e9es depuis notre site web vers un email de notre entreprise pour que votre demande y soit trait\u00e9e, puis effac\u00e9es du site d\u00e8s traitement et de nos syst\u00e8mes de messagerie au maximum sous 3 ans.<\/p>\n\n\n\n<p id=\"block-65ee205e-6446-41b4-aee0-1b0fa6103c0b\"><strong>Responsabilit\u00e9<br><\/strong>Convergence Investissement SARL s\u2019efforce de v\u00e9rifier l\u2019exactitude des informations mentionn\u00e9es sur le site et se r\u00e9serve le droit de les mettre \u00e0 jour, de les modifier ou de les supprimer \u00e0 tout moment et sans pr\u00e9avis.<br>Convergence Investissement SARL n\u2019assure toutefois aucune garantie, expresse ou tacite, concernant le contenu du site.<\/p>\n\n\n\n<p id=\"block-b2fca60c-aec1-4caf-b68a-cc03b8fa6d8b\"><strong>Liens hypertextes<br><\/strong>Convergence Investissement SARL peut fournir des liens vers d\u2019autres sites. Ces sites sont ind\u00e9pendants de Convergence Investissement SARL. Les liens hypertextes pr\u00e9sent\u00e9s sur le site pointant vers des sites ext\u00e9rieurs ne sauraient engager la responsabilit\u00e9 de Convergence Investissement SARL.<br>Les liens vers ces sites ne constituent en aucun cas une validation ou une adh\u00e9sion de Convergence Investissement SARL au contenu de ces sites.<\/p>\n","protected":false},"excerpt":{"rendered":"<p>Editeur du site Convergence InvestissementR.C.S. Lille&nbsp;429 984 008N\u00b0 TVA intracommunautaire&nbsp;: FR58 429 984 008N\u00b0 de t\u00e9l\u00e9phone&nbsp;: z\u00e9ro6 45 42 79 25 Si\u00e8ge social&nbsp;:61, Rue du G\u00e9n\u00e9ral de Gaulle59242 CAPPELLE EN &#8230;<\/p>\n","protected":false},"author":1,"featured_media":0,"parent":0,"menu_order":0,"comment_status":"closed","ping_status":"closed","template":"","meta":{"footnotes":""},"class_list":["post-1524","page","type-page","status-publish","hentry"],"_links":{"self":[{"href":"https:\/\/resonanco.com\/index.php\/wp-json\/wp\/v2\/pages\/1524","targetHints":{"allow":["GET"]}}],"collection":[{"href":"https:\/\/resonanco.com\/index.php\/wp-json\/wp\/v2\/pages"}],"about":[{"href":"https:\/\/resonanco.com\/index.php\/wp-json\/wp\/v2\/types\/page"}],"author":[{"embeddable":true,"href":"https:\/\/resonanco.com\/index.php\/wp-json\/wp\/v2\/users\/1"}],"replies":[{"embeddable":true,"href":"https:\/\/resonanco.com\/index.php\/wp-json\/wp\/v2\/comments?post=1524"}],"version-history":[{"count":1,"href":"https:\/\/resonanco.com\/index.php\/wp-json\/wp\/v2\/pages\/1524\/revisions"}],"predecessor-version":[{"id":1525,"href":"https:\/\/resonanco.com\/index.php\/wp-json\/wp\/v2\/pages\/1524\/revisions\/1525"}],"wp:attachment":[{"href":"https:\/\/resonanco.com\/index.php\/wp-json\/wp\/v2\/media?parent=1524"}],"curies":[{"name":"wp","href":"https:\/\/api.w.org\/{rel}","templated":true}]}}