{"id":1488,"date":"2024-05-13T19:49:14","date_gmt":"2024-05-13T17:49:14","guid":{"rendered":"https:\/\/resonanco.com\/?page_id=1488"},"modified":"2024-05-24T09:34:47","modified_gmt":"2024-05-24T07:34:47","slug":"methodes","status":"publish","type":"page","link":"https:\/\/resonanco.com\/index.php\/methodes\/","title":{"rendered":"M\u00e9thodes"},"content":{"rendered":"\n<blockquote class=\"wp-block-quote has-white-color has-text-color has-background has-link-color wp-elements-5b354c2ca0b29bef7afb13b55eec6db7 is-layout-flow wp-block-quote-is-layout-flow\" style=\"background-color:#d3a902;font-size:16px\">\n<p class=\"has-white-color has-text-color has-background has-link-color wp-elements-76b1a16490b7fc27513273ca02861ab1\" style=\"background-color:#d3a902\"><em>\u201c La seule fa\u00e7on d\u2019avoir et de garder les meilleurs clients, c\u2019est d\u2019abord d\u2019avoir et de garder les meilleurs salari\u00e9s. L\u2019int\u00e9r\u00eat majeur d\u2019une entreprise est donc d\u2019avoir et de garder les meilleurs salari\u00e9s. La meilleure fa\u00e7on d\u2019y parvenir est donc de cr\u00e9er des conditions telles que les collaborateurs soient plus heureux de travailler dans cette entreprise plut\u00f4t qu\u2019une autre. \u201c<\/em><\/p>\n<cite><em>Andr\u00e9 Comte-Sponville<\/em><\/cite><\/blockquote>\n\n\n\n<h2 class=\"wp-block-heading\">Design Organisationnel<\/h2>\n\n\n\n<p>Accompagnement collectif d\u00e9di\u00e9 \u00e0 l\u2019optimisation du fonctionnement collaboratif des organisations.<br>Il s\u2019agit d\u2019imaginer et mettre en \u0153uvre \u2013 avec les parties prenantes \u2013 des modes d\u2019organisation qui d\u2019une part r\u00e9pondent \u00e0 leurs attentes et besoins dans le cadre de leur travail, et d\u2019autre part facilitent la performance, le bon fonctionnement et l\u2019attractivit\u00e9 de l\u2019entreprise.<br>Une d\u00e9marche qui s\u2019appuie sur un travail d\u2019\u00e9coute en empathie, une implication cr\u00e9ative des parties prenantes, et l\u2019exp\u00e9rimentation d\u2019id\u00e9es ou solutions concr\u00e8tes sur le terrain.<br><strong>Le design organisationnel ne cherche pas \u00e0 rendre les organisations \u00ab magnifiques \u00bb, mais \u00e0 cr\u00e9er les conditions pour que les organisations \u00abfonctionnent magnifiquement \u00bb.<\/strong><\/p>\n\n\n\n<h2 class=\"wp-block-heading\">R\u00e9-enchantement<\/h2>\n\n\n\n<p>Les \u00e9quipes et les individus sont au centre des transformations et \u00e9volutions de l&rsquo;entreprise.<br>S&rsquo;ils ne se sentent pas bien, s&rsquo;ils souffrent de stress ou d&rsquo;anxi\u00e9t\u00e9 dans leur vie professionnelle ou priv\u00e9e, ils risquent de ne pas \u00eatre \u00e0 m\u00eame de contribuer activement au projet, au pire de <strong>d\u00e9crocher et de s&rsquo;isoler.<\/strong><\/p>\n\n\n\n<p>Dans un monde de plus en plus anxiog\u00e8ne, pour que les collaborateurs soient en mesure de contribuer activement et de s&rsquo;impliquer dans les processus de transformation ou de changement, ils doivent \u00eatre \u00ab\u00a0<strong>ouverts au monde<\/strong>\u00a0\u00bb en capacit\u00e9 de <strong>r\u00e9sonnance<\/strong> avec celui-ci.<\/p>\n\n\n\n<p>Nous pouvons proposer plusieurs outils :<\/p>\n\n\n\n<ul class=\"wp-block-list\">\n<li><strong>Le coaching individuel :<\/strong><br>Le coaching permet aux entreprises de passer des caps, r\u00e9soudre des probl\u00e9matiques dont l\u2019origine peut \u00eatre une crise ou simplement une \u00e9tape de croissance.<br>Il permet aussi aux collaborateurs de retrouver du sens \u00e0 leurs actions ou leur permettre de grandir.<br><a href=\"https:\/\/yana.coach\/index.php\/reserver-une-seance-de-coaching\/\"><strong>Prendre un RDV coaching<\/strong><\/a><\/li>\n\n\n\n<li><strong>Un Jeu s\u00e9rieux (Serious Game) :<\/strong><br>Le manque de sens est un \u00e9l\u00e9ment constitutif du<strong> d\u00e9sengagement <\/strong>et du taux de&nbsp;<strong>turnover actuel<\/strong>, en particulier chez les plus jeunes. La g\u00e9n\u00e9ration pr\u00e9c\u00e9dente avait v\u00e9cu dans un monde d\u2019espoir, o\u00f9 le progr\u00e8s restait moteur, et l\u2019universalit\u00e9 \u00e9tait un but accessible. Le monde d\u2019aujourd\u2019hui peu paraitre avoir perdu ces atouts, m\u00eame si, d\u2019apr\u00e8s&nbsp;<a href=\"https:\/\/fr.wikipedia.org\/wiki\/Yuval_Noah_Harari\"><strong>Yuval Noah HARARI<\/strong><\/a>&nbsp;dans<a href=\"https:\/\/fr.wikipedia.org\/wiki\/Sapiens_:_Une_br%C3%A8ve_histoire_de_l%27humanit%C3%A9\">&nbsp;\u00ab&nbsp;Sapiens : Une br\u00e8ve histoire de l\u2019humanit\u00e9&nbsp;\u00bb&nbsp;<\/a>les anciens indicateurs de la qualit\u00e9 de vie (esp\u00e9rance de vie en bonne sant\u00e9, s\u00e9curit\u00e9, \u2026) n\u2019ont jamais \u00e9t\u00e9 aussi haut.<br>Ce parcours a pour objectif de&nbsp;<strong>r\u00e9enchanter le quotidien<\/strong> en r\u00e9tablissant la capacit\u00e9 du collaborateur \u00e0 ressentir le monde, \u00e0 r\u00e9sonner avec lui. En accompagnant le participant dans une red\u00e9couverte des joies et beaut\u00e9 de son univers, l\u2019objectif est de redonner du sens, de la magie ou de la spiritualit\u00e9 \u00e0 la vie quotidienne.<\/li>\n<\/ul>\n\n\n\n<p><\/p>\n","protected":false},"excerpt":{"rendered":"<p>\u201c La seule fa\u00e7on d\u2019avoir et de garder les meilleurs clients, c\u2019est d\u2019abord d\u2019avoir et de garder les meilleurs salari\u00e9s. L\u2019int\u00e9r\u00eat majeur d\u2019une entreprise est donc d\u2019avoir et de garder &#8230;<\/p>\n","protected":false},"author":1,"featured_media":0,"parent":0,"menu_order":0,"comment_status":"closed","ping_status":"closed","template":"","meta":{"footnotes":""},"class_list":["post-1488","page","type-page","status-publish","hentry"],"_links":{"self":[{"href":"https:\/\/resonanco.com\/index.php\/wp-json\/wp\/v2\/pages\/1488","targetHints":{"allow":["GET"]}}],"collection":[{"href":"https:\/\/resonanco.com\/index.php\/wp-json\/wp\/v2\/pages"}],"about":[{"href":"https:\/\/resonanco.com\/index.php\/wp-json\/wp\/v2\/types\/page"}],"author":[{"embeddable":true,"href":"https:\/\/resonanco.com\/index.php\/wp-json\/wp\/v2\/users\/1"}],"replies":[{"embeddable":true,"href":"https:\/\/resonanco.com\/index.php\/wp-json\/wp\/v2\/comments?post=1488"}],"version-history":[{"count":3,"href":"https:\/\/resonanco.com\/index.php\/wp-json\/wp\/v2\/pages\/1488\/revisions"}],"predecessor-version":[{"id":1560,"href":"https:\/\/resonanco.com\/index.php\/wp-json\/wp\/v2\/pages\/1488\/revisions\/1560"}],"wp:attachment":[{"href":"https:\/\/resonanco.com\/index.php\/wp-json\/wp\/v2\/media?parent=1488"}],"curies":[{"name":"wp","href":"https:\/\/api.w.org\/{rel}","templated":true}]}}